{"id":7865,"date":"2022-06-20T15:38:41","date_gmt":"2022-06-20T13:38:41","guid":{"rendered":"https:\/\/e-gaming.cz\/prezentace\/"},"modified":"2022-06-21T08:41:59","modified_gmt":"2022-06-21T06:41:59","slug":"presentacion","status":"publish","type":"page","link":"https:\/\/e-gaming.cz\/es\/presentacion\/","title":{"rendered":"Presentaci\u00f3n"},"content":{"rendered":"","protected":false},"excerpt":{"rendered":"","protected":false},"author":2,"featured_media":0,"parent":0,"menu_order":0,"comment_status":"closed","ping_status":"closed","template":"template-content.php","meta":{"footnotes":""},"class_list":["post-7865","page","type-page","status-publish","hentry"],"acf":[],"yoast_head":"<!-- This site is optimized with the Yoast SEO plugin v17.7 - https:\/\/yoast.com\/wordpress\/plugins\/seo\/ -->\n<meta name=\"robots\" content=\"index, follow, max-snippet:-1, max-image-preview:large, max-video-preview:-1\" \/>\n<link rel=\"canonical\" href=\"https:\/\/e-gaming.cz\/es\/presentacion\/\" \/>\n<meta property=\"og:locale\" content=\"es_ES\" \/>\n<meta property=\"og:type\" content=\"article\" \/>\n<meta property=\"og:title\" content=\"Presentaci\u00f3n - e-gaming\" \/>\n<meta property=\"og:url\" content=\"https:\/\/e-gaming.cz\/es\/presentacion\/\" \/>\n<meta property=\"og:site_name\" content=\"e-gaming\" \/>\n<meta property=\"article:modified_time\" content=\"2022-06-21T06:41:59+00:00\" \/>\n<meta property=\"og:image\" content=\"https:\/\/e-gaming.cz\/wp-content\/uploads\/2022\/02\/image.png\" \/>\n\t<meta property=\"og:image:width\" content=\"2560\" \/>\n\t<meta property=\"og:image:height\" content=\"1340\" \/>\n<meta name=\"twitter:card\" content=\"summary_large_image\" \/>\n<script type=\"application\/ld+json\" class=\"yoast-schema-graph\">{\"@context\":\"https:\/\/schema.org\",\"@graph\":[{\"@type\":\"WebSite\",\"@id\":\"https:\/\/e-gaming.cz\/#website\",\"url\":\"https:\/\/e-gaming.cz\/\",\"name\":\"e-gaming\",\"description\":\"Plataforma \\u00fanica para EL JUEGO EN L\\u00cdNEA y PRESENCIAL Plataforma \\u00fanica para EL JUEGO EN L\\u00cdNEA y PRESENCIAL\",\"potentialAction\":[{\"@type\":\"SearchAction\",\"target\":{\"@type\":\"EntryPoint\",\"urlTemplate\":\"https:\/\/e-gaming.cz\/?s={search_term_string}\"},\"query-input\":\"required name=search_term_string\"}],\"inLanguage\":\"es\"},{\"@type\":\"WebPage\",\"@id\":\"https:\/\/e-gaming.cz\/es\/presentacion\/#webpage\",\"url\":\"https:\/\/e-gaming.cz\/es\/presentacion\/\",\"name\":\"Presentaci\\u00f3n - e-gaming\",\"isPartOf\":{\"@id\":\"https:\/\/e-gaming.cz\/#website\"},\"datePublished\":\"2022-06-20T13:38:41+00:00\",\"dateModified\":\"2022-06-21T06:41:59+00:00\",\"breadcrumb\":{\"@id\":\"https:\/\/e-gaming.cz\/es\/presentacion\/#breadcrumb\"},\"inLanguage\":\"es\",\"potentialAction\":[{\"@type\":\"ReadAction\",\"target\":[\"https:\/\/e-gaming.cz\/es\/presentacion\/\"]}]},{\"@type\":\"BreadcrumbList\",\"@id\":\"https:\/\/e-gaming.cz\/es\/presentacion\/#breadcrumb\",\"itemListElement\":[{\"@type\":\"ListItem\",\"position\":1,\"name\":\"Dom\\u016f\",\"item\":\"https:\/\/e-gaming.cz\/es\/\"},{\"@type\":\"ListItem\",\"position\":2,\"name\":\"Presentaci\\u00f3n\"}]}]}<\/script>\n<!-- \/ Yoast SEO plugin. -->","yoast_head_json":{"robots":{"index":"index","follow":"follow","max-snippet":"max-snippet:-1","max-image-preview":"max-image-preview:large","max-video-preview":"max-video-preview:-1"},"canonical":"https:\/\/e-gaming.cz\/es\/presentacion\/","og_locale":"es_ES","og_type":"article","og_title":"Presentaci\u00f3n - e-gaming","og_url":"https:\/\/e-gaming.cz\/es\/presentacion\/","og_site_name":"e-gaming","article_modified_time":"2022-06-21T06:41:59+00:00","og_image":[{"width":2560,"height":1340,"url":"https:\/\/e-gaming.cz\/wp-content\/uploads\/2022\/02\/image.png","type":"image\/png"}],"twitter_card":"summary_large_image","schema":{"@context":"https:\/\/schema.org","@graph":[{"@type":"WebSite","@id":"https:\/\/e-gaming.cz\/#website","url":"https:\/\/e-gaming.cz\/","name":"e-gaming","description":"Plataforma \u00fanica para EL JUEGO EN L\u00cdNEA y PRESENCIAL Plataforma \u00fanica para EL JUEGO EN L\u00cdNEA y PRESENCIAL","potentialAction":[{"@type":"SearchAction","target":{"@type":"EntryPoint","urlTemplate":"https:\/\/e-gaming.cz\/?s={search_term_string}"},"query-input":"required name=search_term_string"}],"inLanguage":"es"},{"@type":"WebPage","@id":"https:\/\/e-gaming.cz\/es\/presentacion\/#webpage","url":"https:\/\/e-gaming.cz\/es\/presentacion\/","name":"Presentaci\u00f3n - e-gaming","isPartOf":{"@id":"https:\/\/e-gaming.cz\/#website"},"datePublished":"2022-06-20T13:38:41+00:00","dateModified":"2022-06-21T06:41:59+00:00","breadcrumb":{"@id":"https:\/\/e-gaming.cz\/es\/presentacion\/#breadcrumb"},"inLanguage":"es","potentialAction":[{"@type":"ReadAction","target":["https:\/\/e-gaming.cz\/es\/presentacion\/"]}]},{"@type":"BreadcrumbList","@id":"https:\/\/e-gaming.cz\/es\/presentacion\/#breadcrumb","itemListElement":[{"@type":"ListItem","position":1,"name":"Dom\u016f","item":"https:\/\/e-gaming.cz\/es\/"},{"@type":"ListItem","position":2,"name":"Presentaci\u00f3n"}]}]}},"_links":{"self":[{"href":"https:\/\/e-gaming.cz\/es\/wp-json\/wp\/v2\/pages\/7865","targetHints":{"allow":["GET"]}}],"collection":[{"href":"https:\/\/e-gaming.cz\/es\/wp-json\/wp\/v2\/pages"}],"about":[{"href":"https:\/\/e-gaming.cz\/es\/wp-json\/wp\/v2\/types\/page"}],"author":[{"embeddable":true,"href":"https:\/\/e-gaming.cz\/es\/wp-json\/wp\/v2\/users\/2"}],"replies":[{"embeddable":true,"href":"https:\/\/e-gaming.cz\/es\/wp-json\/wp\/v2\/comments?post=7865"}],"version-history":[{"count":4,"href":"https:\/\/e-gaming.cz\/es\/wp-json\/wp\/v2\/pages\/7865\/revisions"}],"predecessor-version":[{"id":7872,"href":"https:\/\/e-gaming.cz\/es\/wp-json\/wp\/v2\/pages\/7865\/revisions\/7872"}],"wp:attachment":[{"href":"https:\/\/e-gaming.cz\/es\/wp-json\/wp\/v2\/media?parent=7865"}],"curies":[{"name":"wp","href":"https:\/\/api.w.org\/{rel}","templated":true}]}}